{"id":7367,"date":"2019-11-18T11:53:26","date_gmt":"2019-11-18T11:53:26","guid":{"rendered":"https:\/\/caroline-be.fabricandum.com\/storia\/"},"modified":"2024-04-12T08:23:40","modified_gmt":"2024-04-12T08:23:40","slug":"histoire","status":"publish","type":"page","link":"https:\/\/caroline-be.fabricandum.com\/fr\/histoire\/","title":{"rendered":"L&rsquo;HISTOIRE DE CAROLIN"},"content":{"rendered":"<div class=\"acf-field acf-field-text acf-field-5df0d97bd1c4b\" data-name=\"history_page_subtitle\" data-type=\"text\" data-key=\"field_5df0d97bd1c4b\">\n<div class=\"acf-input\">\n<div class=\"wpml_acf_original_value\">\n<div class=\"ProdottiPage_txt\">\n<p class=\"subtitle\">D\u00e9couvrez l&rsquo;histoire de CAROLIN \u00e0 travers ses innovations et ses publicit\u00e9s<\/p>\n<\/div>\n<div id=\"timeline\">\n<div class=\"row timeline-movement timeline-movement-top\">\n<p class=\"timeline-badge timeline-future-movement\">\n<\/div>\n<\/div>\n<\/div>\n<\/div>\n<\/div>\n","protected":false},"excerpt":{"rendered":"<p>D\u00e9couvrez l&rsquo;histoire de CAROLIN \u00e0 travers ses innovations et ses publicit\u00e9s<\/p>\n","protected":false},"author":7,"featured_media":0,"parent":0,"menu_order":0,"comment_status":"closed","ping_status":"closed","template":"storia.php","meta":{"footnotes":""},"acf":[],"_links":{"self":[{"href":"https:\/\/caroline-be.fabricandum.com\/fr\/wp-json\/wp\/v2\/pages\/7367"}],"collection":[{"href":"https:\/\/caroline-be.fabricandum.com\/fr\/wp-json\/wp\/v2\/pages"}],"about":[{"href":"https:\/\/caroline-be.fabricandum.com\/fr\/wp-json\/wp\/v2\/types\/page"}],"author":[{"embeddable":true,"href":"https:\/\/caroline-be.fabricandum.com\/fr\/wp-json\/wp\/v2\/users\/7"}],"replies":[{"embeddable":true,"href":"https:\/\/caroline-be.fabricandum.com\/fr\/wp-json\/wp\/v2\/comments?post=7367"}],"version-history":[{"count":34,"href":"https:\/\/caroline-be.fabricandum.com\/fr\/wp-json\/wp\/v2\/pages\/7367\/revisions"}],"predecessor-version":[{"id":8311,"href":"https:\/\/caroline-be.fabricandum.com\/fr\/wp-json\/wp\/v2\/pages\/7367\/revisions\/8311"}],"wp:attachment":[{"href":"https:\/\/caroline-be.fabricandum.com\/fr\/wp-json\/wp\/v2\/media?parent=7367"}],"curies":[{"name":"wp","href":"https:\/\/api.w.org\/{rel}","templated":true}]}}